{"id":939,"date":"2022-10-19T08:36:32","date_gmt":"2022-10-19T06:36:32","guid":{"rendered":"https:\/\/campuskrieger.at\/?page_id=939"},"modified":"2026-02-20T22:00:52","modified_gmt":"2026-02-20T21:00:52","slug":"automatisch-gespeicherter-entwurf","status":"publish","type":"page","link":"https:\/\/campuskrieger.at\/?page_id=939","title":{"rendered":"Impressum &#038; Datenschutz"},"content":{"rendered":"\t\t<div data-elementor-type=\"wp-page\" data-elementor-id=\"939\" class=\"elementor elementor-939\" data-elementor-post-type=\"page\">\n\t\t\t\t\t\t<section class=\"elementor-section elementor-top-section elementor-element elementor-element-61d56b3 elementor-section-boxed elementor-section-height-default elementor-section-height-default\" data-id=\"61d56b3\" data-element_type=\"section\" data-e-type=\"section\">\n\t\t\t\t\t\t<div class=\"elementor-container elementor-column-gap-default\">\n\t\t\t\t\t<div class=\"elementor-column elementor-col-100 elementor-top-column elementor-element elementor-element-730bd6e\" data-id=\"730bd6e\" data-element_type=\"column\" data-e-type=\"column\">\n\t\t\t<div class=\"elementor-widget-wrap elementor-element-populated\">\n\t\t\t\t\t\t<div class=\"elementor-element elementor-element-08d5329 elementor-widget elementor-widget-heading\" data-id=\"08d5329\" data-element_type=\"widget\" data-e-type=\"widget\" data-widget_type=\"heading.default\">\n\t\t\t\t<div class=\"elementor-widget-container\">\n\t\t\t\t\t<h2 class=\"elementor-heading-title elementor-size-default\">Impressum<\/h2>\t\t\t\t<\/div>\n\t\t\t\t<\/div>\n\t\t\t\t<div class=\"elementor-element elementor-element-de51c22 elementor-widget elementor-widget-text-editor\" data-id=\"de51c22\" data-element_type=\"widget\" data-e-type=\"widget\" data-widget_type=\"text-editor.default\">\n\t\t\t\t<div class=\"elementor-widget-container\">\n\t\t\t\t\t\t\t\t\t<h5><span style=\"color: #000000;\">Campus-Krieger<\/span><\/h5><h5><span style=\"color: #000000;\">psychologische Beratung\/Aus- und Weiterbildung<\/span><\/h5><h5><span style=\"color: #000000;\">Inhaber: Gerhard Krieger<\/span><\/h5><h5><span style=\"color: #000000;\">Rechtsform: Einzelunternehmen<\/span><\/h5><h5><span style=\"color: #000000;\">Sitz: Bachgasse 5, 7092 Winden am See, AT<\/span><\/h5><h5><span style=\"color: #000000;\">Telefon: +43 676 6060 760<\/span><\/h5><h5><span style=\"color: #000000;\">e-Mail: info@campuskrieger.at<\/span><\/h5><h5><span style=\"color: #000000;\">Verbraucher haben die M\u00f6glichkeit, Beschwerden an die Online-Streitbeilegungsplattform der EU zu richten: http:\/\/ec.europa.eu\/odr. Sie k\u00f6nnen allf\u00e4llige Beschwerde auch an die oben angegebene E-Mail-Adresse richten.<\/span><\/h5>\t\t\t\t\t\t\t\t<\/div>\n\t\t\t\t<\/div>\n\t\t\t\t\t<\/div>\n\t\t<\/div>\n\t\t\t\t\t<\/div>\n\t\t<\/section>\n\t\t\t\t<section class=\"elementor-section elementor-top-section elementor-element elementor-element-c9af5bd elementor-section-boxed elementor-section-height-default elementor-section-height-default\" data-id=\"c9af5bd\" data-element_type=\"section\" data-e-type=\"section\">\n\t\t\t\t\t\t<div class=\"elementor-container elementor-column-gap-default\">\n\t\t\t\t\t<div class=\"elementor-column elementor-col-100 elementor-top-column elementor-element elementor-element-947092d\" data-id=\"947092d\" data-element_type=\"column\" data-e-type=\"column\">\n\t\t\t<div class=\"elementor-widget-wrap elementor-element-populated\">\n\t\t\t\t\t\t<div class=\"elementor-element elementor-element-7321e8e elementor-widget elementor-widget-heading\" data-id=\"7321e8e\" data-element_type=\"widget\" data-e-type=\"widget\" data-widget_type=\"heading.default\">\n\t\t\t\t<div class=\"elementor-widget-container\">\n\t\t\t\t\t<h2 class=\"elementor-heading-title elementor-size-default\">Datenschutz<\/h2>\t\t\t\t<\/div>\n\t\t\t\t<\/div>\n\t\t\t\t<div class=\"elementor-element elementor-element-d1bed2b elementor-widget elementor-widget-text-editor\" data-id=\"d1bed2b\" data-element_type=\"widget\" data-e-type=\"widget\" data-widget_type=\"text-editor.default\">\n\t\t\t\t<div class=\"elementor-widget-container\">\n\t\t\t\t\t\t\t\t\t<h5><span style=\"color: #000000;\">Datenschutzerkl\u00e4rung nach Art. 13 und 14 DSGVO f\u00fcr unsere Kunden, G\u00e4ste, Interessenten und Gesch\u00e4ftspartner:<\/span><\/h5><h5><span style=\"color: #000000;\">Verantwortlicher: Gerhard Krieger<\/span><\/h5><h5><span style=\"color: #000000;\">Wir verarbeiten Ihre personenbezogenen Daten, die unter folgende Datenkategorien fallen:<\/span><\/h5><h5><span style=\"color: #000000;\">Kontaktdaten (Name, Adresse, Anrede, E-Mail, Telefonnummer), Buchungsdaten (Anreise, Abreise, Anzahl der Personen, Sonderw\u00fcnsche, Bed\u00fcrfnisse), Meldedaten (Namen, Geburtsdatum, Geschlecht, Staatsangeh\u00f6rigkeit, Herkunftsland und Adresse, sowie bei ausl\u00e4ndischen G\u00e4sten: die Art, die Nummer, das Ausstellungsdatum und die ausstellende Beh\u00f6rde des Reisedokumentes), Vertragsdaten, Verrechnungsdaten (Bankdaten), Bestelldaten.<\/span><\/h5><h5><span style=\"color: #000000;\">Einwilligung: Sie haben uns Daten \u00fcber sich freiwillig zur Verf\u00fcgung gestellt und wir verarbeiten diese Daten auf Grundlage Ihrer Einwilligung zu folgenden Zwecken: Anmeldung zu unseren Leistungen, Aus- und Weiterbildung<\/span><\/h5><h5><span style=\"color: #000000;\">Sie k\u00f6nnen diese Einwilligung jederzeit widerrufen. Ein Widerruf hat zur Folge, dass wir Ihre Daten ab diesem Zeitpunkt zu oben genannten Zwecken nicht mehr verarbeiten.<\/span><\/h5><h5><span style=\"color: #000000;\">Vertrag: Die von Ihnen bereitgestellten Daten sind zur Vertragserf\u00fcllung bzw. zur Durchf\u00fchrung vorvertraglicher Ma\u00dfnahmen erforderlich. Das sind: Die Erstellung von Angeboten, die Abwicklung von Auftr\u00e4gen und Bestellungen, die Durchf\u00fchrung von Zimmer- und Tischreservierungen, die Bearbeitung von Reklamationen, Abwicklung von Gew\u00e4hrleistung oder Garantie, Schadensabwicklung, Wahrung Ihrer rechtlichen Interessen gegen\u00fcber Dritten.<\/span><\/h5><h5><span style=\"color: #000000;\">Ohne diese Daten k\u00f6nnen wir den Vertrag mit Ihnen nicht erf\u00fcllen.<\/span><\/h5><h5><span style=\"color: #000000;\">Gesetzliche Verpflichtung: Wir m\u00fcssen Daten, die wir von Ihnen erhalten haben, aufgrund einer gesetzlichen Verpflichtung verarbeiten.<\/span><\/h5><h5><span style=\"color: #000000;\">Das sind Steuer- und Abgaberechtliche Vorschriften, Arbeits- und Sozialrechtliche Vorschriften, die gesetzlich erforderlichen Nachweise zu erbringen.<\/span><\/h5><h5><span style=\"color: #000000;\">Berechtigtes Interesse: Wir verarbeiten Daten \u00fcber Sie aufgrund unserer berechtigten Interessen oder denen eines Dritten. Dieses besteht in der Anbahnung von Gesch\u00e4ftsabschl\u00fcssen, in der Durchf\u00fchrung Dokumentation der Gesch\u00e4ftsf\u00e4lle, der Information \u00fcber von uns angebotene Produkte und Dienstleistungen, sofern ihr Geheimhaltungsinteresse nicht \u00fcberwiegt.<\/span><\/h5><h5><span style=\"color: #000000;\">Wir speichern Ihre Daten f\u00fcr die Dauer der Gesch\u00e4ftsbeziehung und dar\u00fcber hinaus im Rahmen der jeweils zur Anwendung gelangenden gesetzlichen Aufbewahrungs- und Dokumentationspflichten. F\u00fcr die Datenverarbeitung ziehen wir fallweise Auftrags Verarbeiter (z.B. Rechtsanwalt, Bank, Inkasso) heran. Wir geben Ihre Daten auch auf Grund gesetzlicher Vorgaben an folgende Empf\u00e4nger bzw. Empf\u00e4ngerkategorien weiter: Steuerberater, Banken, Gemeinde, Finanzamt<\/span><\/h5><h5><span style=\"color: #000000;\">Da wir Daten auch in unseren berechtigten Interessen verarbeiten, haben Sie f\u00fcr diese grunds\u00e4tzlich ein Widerspruchsrecht, wenn Gr\u00fcnde vorliegen, die sich aus Ihrer besonderen Situation ergeben und die gegen diese Verarbeitung sprechen.<\/span><\/h5><h5><span style=\"color: #000000;\">Da wir die Daten auch f\u00fcr Direktwerbung (Newsletter) verarbeiten, k\u00f6nnen Sie gegen diese Verarbeitung f\u00fcr Zwecke der Direktwerbung jederzeit Widerspruch erheben<\/span><\/h5><h5><span style=\"color: #000000;\">Ihnen stehen grunds\u00e4tzlich die Rechte auf Auskunft, Berichtigung, L\u00f6schung, Einschr\u00e4nkung, Daten\u00fcbertragbarkeit und Widerspruch zu. Daf\u00fcr wenden Sie sich an unseren Verantwortlichen.<\/span><\/h5><h5><span style=\"color: #000000;\">Wenn Sie glauben, dass die Verarbeitung Ihrer Daten gegen das Datenschutzrecht verst\u00f6\u00dft oder Ihre datenschutzrechtlichen Anspr\u00fcche sonst in einer Weise verletzt worden sind, wenden Sie sich bitte an unseren Verantwortlichen. Sofern eine Kl\u00e4rung nicht m\u00f6glich sein sollte, k\u00f6nnen Sie sich bei der Aufsichtsbeh\u00f6rde beschweren. In \u00d6sterreich ist die Datenschutzbeh\u00f6rde (\u00d6sterreichischen Datenschutzbeh\u00f6rde, Wickenburggasse 8, 1080 Wien, +43 1 531 15-202525, E-Mail: dsb@dsb.gv.at ) zust\u00e4ndig.<\/span><\/h5><h5><span style=\"color: #000000;\">Cookies:<\/span><\/h5><h5><span style=\"color: #000000;\">Auf unserer Website werden automatisch Informationen gesammelt, die nicht einer bestimmten Person zugeordnet sind. Solche Informationen sind zum Beispiel Zugriffsraten, durchschnittliche Verweilzeiten und die aufgerufenen Seiten. Diese Informationen werden verwendet, um das Internetangebot kontinuierlich zu verbessern und auch auf die W\u00fcnsche der Besucher auszurichten. Im Speziellen werden sogenannte Session-Cookies verwendet. Eine Auswertung durch Dritte (z. B. Google) findet nicht statt.<\/span><\/h5><h5><span style=\"color: #000000;\">Verweise und Links:<\/span><\/h5><h5><span style=\"color: #000000;\">Die Website kann Verweise (&#8222;Links&#8220;) zu anderen Websites enthalten. Campus Krieger ist f\u00fcr die Datenschutzstrategien oder Inhalte dieser anderen Websites nicht verantwortlich.<\/span><\/h5><h5><span style=\"color: #000000;\">Inhalt des Onlineangebotes:<\/span><\/h5><h5><span style=\"color: #000000;\">Der Inhaber \u00fcbernimmt keinerlei Gew\u00e4hr f\u00fcr die Aktualit\u00e4t, Korrektheit, Vollst\u00e4ndigkeit oder Qualit\u00e4t der bereitgestellten Informationen auf dieser Website. Haftungsanspr\u00fcche gegen den Inhaber, welche sich auf Sch\u00e4den materieller oder ideeller Art beziehen, die durch die Nutzung oder Nichtnutzung der dargebotenen Informationen bzw. durch die Nutzung fehlerhafter und unvollst\u00e4ndiger Informationen verursacht wurden, sind grunds\u00e4tzlich ausgeschlossen, sofern seitens des Betreibers kein nachweislich vors\u00e4tzliches oder grob fahrl\u00e4ssiges Verschulden vorliegt. Alle Angebote sind freibleibend und unverbindlich. Der Inhaber beh\u00e4lt sich ausdr\u00fccklich vor, Teile der Seiten oder das gesamte Angebot ohne gesonderte Ank\u00fcndigung zu ver\u00e4ndern, zu erg\u00e4nzen, zu l\u00f6schen oder die Ver\u00f6ffentlichung zeitweise oder endg\u00fcltig einzustellen.<\/span><\/h5><h5><span style=\"color: #000000;\">Urheberrecht:<\/span><\/h5><h5><span style=\"color: #000000;\">Alle auf dieser Internetpr\u00e4senz verwendeten Texte, Fotos und grafischen Gestaltungen sind urheberrechtlich gesch\u00fctzt. Sollten Sie Teile hiervon verwenden wollen, wenden Sie sich bitte an den Seitenbetreiber. Er wird dann gegebenenfalls den Kontakt zum Urheber oder Nutzungsberechtigten herstellen.<\/span><\/h5>\t\t\t\t\t\t\t\t<\/div>\n\t\t\t\t<\/div>\n\t\t\t\t\t<\/div>\n\t\t<\/div>\n\t\t\t\t\t<\/div>\n\t\t<\/section>\n\t\t\t\t<\/div>\n\t\t","protected":false},"excerpt":{"rendered":"<p>Impressum Campus-Krieger psychologische Beratung\/Aus- und Weiterbildung Inhaber: Gerhard Krieger Rechtsform: Einzelunternehmen Sitz: Bachgasse 5, 7092 Winden am See, AT Telefon: +43 676 6060 760 e-Mail: info@campuskrieger.at Verbraucher haben die M\u00f6glichkeit, [&hellip;]<\/p>\n","protected":false},"author":3,"featured_media":0,"parent":0,"menu_order":0,"comment_status":"closed","ping_status":"closed","template":"","meta":{"ocean_post_layout":"","ocean_both_sidebars_style":"","ocean_both_sidebars_content_width":0,"ocean_both_sidebars_sidebars_width":0,"ocean_sidebar":"0","ocean_second_sidebar":"0","ocean_disable_margins":"enable","ocean_add_body_class":"","ocean_shortcode_before_top_bar":"","ocean_shortcode_after_top_bar":"","ocean_shortcode_before_header":"","ocean_shortcode_after_header":"","ocean_has_shortcode":"","ocean_shortcode_after_title":"","ocean_shortcode_before_footer_widgets":"","ocean_shortcode_after_footer_widgets":"","ocean_shortcode_before_footer_bottom":"","ocean_shortcode_after_footer_bottom":"","ocean_display_top_bar":"default","ocean_display_header":"default","ocean_header_style":"","ocean_center_header_left_menu":"0","ocean_custom_header_template":"0","ocean_custom_logo":0,"ocean_custom_retina_logo":0,"ocean_custom_logo_max_width":0,"ocean_custom_logo_tablet_max_width":0,"ocean_custom_logo_mobile_max_width":0,"ocean_custom_logo_max_height":0,"ocean_custom_logo_tablet_max_height":0,"ocean_custom_logo_mobile_max_height":0,"ocean_header_custom_menu":"0","ocean_menu_typo_font_family":"0","ocean_menu_typo_font_subset":"","ocean_menu_typo_font_size":0,"ocean_menu_typo_font_size_tablet":0,"ocean_menu_typo_font_size_mobile":0,"ocean_menu_typo_font_size_unit":"px","ocean_menu_typo_font_weight":"","ocean_menu_typo_font_weight_tablet":"","ocean_menu_typo_font_weight_mobile":"","ocean_menu_typo_transform":"","ocean_menu_typo_transform_tablet":"","ocean_menu_typo_transform_mobile":"","ocean_menu_typo_line_height":0,"ocean_menu_typo_line_height_tablet":0,"ocean_menu_typo_line_height_mobile":0,"ocean_menu_typo_line_height_unit":"","ocean_menu_typo_spacing":0,"ocean_menu_typo_spacing_tablet":0,"ocean_menu_typo_spacing_mobile":0,"ocean_menu_typo_spacing_unit":"","ocean_menu_link_color":"","ocean_menu_link_color_hover":"","ocean_menu_link_color_active":"","ocean_menu_link_background":"","ocean_menu_link_hover_background":"","ocean_menu_link_active_background":"","ocean_menu_social_links_bg":"","ocean_menu_social_hover_links_bg":"","ocean_menu_social_links_color":"","ocean_menu_social_hover_links_color":"","ocean_disable_title":"default","ocean_disable_heading":"default","ocean_post_title":"","ocean_post_subheading":"","ocean_post_title_style":"","ocean_post_title_background_color":"","ocean_post_title_background":0,"ocean_post_title_bg_image_position":"","ocean_post_title_bg_image_attachment":"","ocean_post_title_bg_image_repeat":"","ocean_post_title_bg_image_size":"","ocean_post_title_height":0,"ocean_post_title_bg_overlay":0.5,"ocean_post_title_bg_overlay_color":"","ocean_disable_breadcrumbs":"default","ocean_breadcrumbs_color":"","ocean_breadcrumbs_separator_color":"","ocean_breadcrumbs_links_color":"","ocean_breadcrumbs_links_hover_color":"","ocean_display_footer_widgets":"default","ocean_display_footer_bottom":"default","ocean_custom_footer_template":"0","footnotes":""},"class_list":["post-939","page","type-page","status-publish","hentry","entry"],"_links":{"self":[{"href":"https:\/\/campuskrieger.at\/index.php?rest_route=\/wp\/v2\/pages\/939","targetHints":{"allow":["GET"]}}],"collection":[{"href":"https:\/\/campuskrieger.at\/index.php?rest_route=\/wp\/v2\/pages"}],"about":[{"href":"https:\/\/campuskrieger.at\/index.php?rest_route=\/wp\/v2\/types\/page"}],"author":[{"embeddable":true,"href":"https:\/\/campuskrieger.at\/index.php?rest_route=\/wp\/v2\/users\/3"}],"replies":[{"embeddable":true,"href":"https:\/\/campuskrieger.at\/index.php?rest_route=%2Fwp%2Fv2%2Fcomments&post=939"}],"version-history":[{"count":14,"href":"https:\/\/campuskrieger.at\/index.php?rest_route=\/wp\/v2\/pages\/939\/revisions"}],"predecessor-version":[{"id":1975,"href":"https:\/\/campuskrieger.at\/index.php?rest_route=\/wp\/v2\/pages\/939\/revisions\/1975"}],"wp:attachment":[{"href":"https:\/\/campuskrieger.at\/index.php?rest_route=%2Fwp%2Fv2%2Fmedia&parent=939"}],"curies":[{"name":"wp","href":"https:\/\/api.w.org\/{rel}","templated":true}]}}